{"id":8099,"date":"2025-03-13T15:05:31","date_gmt":"2025-03-13T18:05:31","guid":{"rendered":"https:\/\/ppu-website.dmeat.cl\/inicio\/"},"modified":"2026-03-05T17:11:01","modified_gmt":"2026-03-05T20:11:01","slug":"inicio","status":"publish","type":"page","link":"https:\/\/ppulegal.com\/en\/","title":{"rendered":"Home"},"content":{"rendered":"<p>PPU: Leadership, excellence and innovation in Latin America How can we help you? Featured News PPU a consolidated<br \/>\nand recognized team Clients advised Multinational companies Specialized professionals Partners Find Your Lawyer Chile Santiago, Chile El Golf 40<\/p>\n<p>20th Floor<\/p>\n<p>Las Condes Regional and global reach Our regional offices are located in Santiago (Chile), Barranquilla and Bogot\u00e1 (Colombia), and Lima (Peru). Ur\u00eda Men\u00e9ndez supports PPU through its network of offices in Spain, Portugal, London, and Brussels. Colombia Bogot\u00e1, Colombia Carrera 9 # 74-08<br \/>\nOffice 106 Barranquilla, Colombia Calle 77B # 59-61<br \/>\nCentro Empresarial Las Am\u00e9ricas II<br \/>\nOffice 1202 Regional and global reach Our regional offices are located in Santiago (Chile), Barranquilla and Bogot\u00e1 (Colombia), and Lima (Peru). Ur\u00eda Men\u00e9ndez supports PPU through its network of offices in Spain, Portugal, London, and Brussels. Peru Lima, Peru Av. Santa Cruz No. 888<\/p>\n<p>4th Floor<\/p>\n<p>Miraflores Regional and global reach Our regional offices are located in Santiago (Chile), Barranquilla and Bogot\u00e1 (Colombia), and Lima (Peru). Ur\u00eda Men\u00e9ndez supports PPU through its network of offices in Spain, Portugal, London, and Brussels. Spain Madrid, Spain Calle Pr\u00edncipe de Vergara, 187<br \/>\nPlaza de Rodrigo Ur\u00eda<br \/>\n28002 Madrid Regional and global reach Our regional offices are located in Santiago (Chile), Barranquilla and Bogot\u00e1 (Colombia), and Lima (Peru). Ur\u00eda Men\u00e9ndez supports PPU through its network of offices in Spain, Portugal, London, and Brussels. Featured Articles PPU Regional Chile Colombia Peru We\u2019re here to clear up your doubts Visit our FAQ section Lorem ipsum dolor sit amet, consectetur adipiscing elit, sed do eiusmod tempor incididunt ut labore et dolore magna aliqua. Ut enim ad minim veniam, quis nostrud exercitation ullamco laboris nisi ut aliquip ex ea commodo consequat. Duis aute irure dolor in reprehenderit in voluptate velit esse cillum dolore eu fugiat nulla pariatur. Excepteur sint occaecat cupidatat non proident, sunt in culpa qui officia deserunt mollit anim id Lorem ipsum dolor sit amet, consectetur adipiscing elit, sed do eiusmod tempor incididunt ut labore et dolore magna aliqua. Ut enim ad minim veniam, quis nostrud exercitation ullamco laboris nisi ut aliquip ex ea commodo consequat. Duis aute irure dolor in reprehenderit in voluptate velit esse cillum dolore eu fugiat nulla pariatur.  30 Full service Law firm with presence in Chile, Colombia and Peru Comprehensive Legal Counselling for Companies<\/p>\n<p>At PPU we advise leading companies in the region, providing strategic and specialised legal solutions in key sectors.<\/p>\n<p>We collaborate closely with each client, understanding their business and delivering tailored responses. Regional Firm with Latin American Presence<br \/>\nWe are an Ibero-American firm with offices in Chile, Colombia, and Peru.<br \/>\nOur regional model enables us to adopt a broad-based and efficient approach to a range of legal challenges.<\/p>\n<p>&nbsp; Practice Areas and Highly Specialised Legal Counselling<br \/>\n&nbsp;<\/p>\n<p>We are the Latin American partner firm of Ur\u00eda Men\u00e9ndez, one of the most prestigious law firms in Europe.<br \/>\nThis alliance strengthens our ability to render legal advice with international reach. 5 PPU Insight: Legal Analysis and Trends<br \/>\nWe publish articles, analyses and news on regulatory changes and legal trends in the region.<br \/>\nIt is a space designed to keep our customers informed through valuable content. Commitment to Legal Excellence<\/p>\n<p>At PPU we work with a focus on quality, innovation and knowledge of the regulatory environment.<br \/>\nOur goal is to be there for our clients in their strategic decision-making with sound legal support.<\/p>\n<p>\u00a0<\/p>\n","protected":false},"excerpt":{"rendered":"<p>PPU: Leadership, excellence and innovation in Latin America How can we help you? Featured News PPU a consolidated and recognized team Clients advised Multinational companies Specialized professionals Partners Find Your Lawyer Chile Santiago, Chile El Golf 40 20th Floor Las Condes Regional and global reach Our regional offices are located in Santiago (Chile), Barranquilla and [&hellip;]<\/p>\n","protected":false},"author":2,"featured_media":0,"parent":0,"menu_order":2,"comment_status":"closed","ping_status":"closed","template":"module-template","meta":{"_acf_changed":false,"footnotes":""},"class_list":["post-8099","page","type-page","status-publish","hentry"],"acf":[],"yoast_head":"<!-- This site is optimized with the Yoast SEO plugin v26.4 - https:\/\/yoast.com\/wordpress\/plugins\/seo\/ -->\n<title>Home - PPU Legal<\/title>\n<meta name=\"description\" content=\"PPU is a leading regional law firm in Ibero-America. We provide specialized legal services in Chile, Colombia, Peru, and Spain. Contact us.\" \/>\n<meta name=\"robots\" content=\"index, follow, max-snippet:-1, max-image-preview:large, max-video-preview:-1\" \/>\n<link rel=\"canonical\" href=\"https:\/\/ppulegal.com\/en\/\" \/>\n<meta property=\"og:locale\" content=\"en_US\" \/>\n<meta property=\"og:type\" content=\"article\" \/>\n<meta property=\"og:title\" content=\"Home - PPU Legal\" \/>\n<meta property=\"og:description\" content=\"PPU is a leading regional law firm in Ibero-America. We provide specialized legal services in Chile, Colombia, Peru, and Spain. Contact us.\" \/>\n<meta property=\"og:url\" content=\"https:\/\/ppulegal.com\/en\/\" \/>\n<meta property=\"og:site_name\" content=\"PPU Legal\" \/>\n<meta property=\"article:modified_time\" content=\"2026-03-05T20:11:01+00:00\" \/>\n<meta name=\"twitter:card\" content=\"summary_large_image\" \/>\n<meta name=\"twitter:label1\" content=\"Est. reading time\" \/>\n\t<meta name=\"twitter:data1\" content=\"3 minutes\" \/>\n<script type=\"application\/ld+json\" class=\"yoast-schema-graph\">{\"@context\":\"https:\/\/schema.org\",\"@graph\":[{\"@type\":\"WebPage\",\"@id\":\"https:\/\/ppulegal.com\/en\/\",\"url\":\"https:\/\/ppulegal.com\/en\/\",\"name\":\"Home - PPU Legal\",\"isPartOf\":{\"@id\":\"https:\/\/ppulegal.com\/en\/#website\"},\"datePublished\":\"2025-03-13T18:05:31+00:00\",\"dateModified\":\"2026-03-05T20:11:01+00:00\",\"description\":\"PPU is a leading regional law firm in Ibero-America. We provide specialized legal services in Chile, Colombia, Peru, and Spain. Contact us.\",\"breadcrumb\":{\"@id\":\"https:\/\/ppulegal.com\/en\/#breadcrumb\"},\"inLanguage\":\"en-US\",\"potentialAction\":[{\"@type\":\"ReadAction\",\"target\":[\"https:\/\/ppulegal.com\/en\/\"]}]},{\"@type\":\"BreadcrumbList\",\"@id\":\"https:\/\/ppulegal.com\/en\/#breadcrumb\",\"itemListElement\":[{\"@type\":\"ListItem\",\"position\":1,\"name\":\"Home\",\"item\":\"https:\/\/ppulegal.com\/en\/\"},{\"@type\":\"ListItem\",\"position\":2,\"name\":\"Home\"}]},{\"@type\":\"WebSite\",\"@id\":\"https:\/\/ppulegal.com\/en\/#website\",\"url\":\"https:\/\/ppulegal.com\/en\/\",\"name\":\"PPU Legal\",\"description\":\"\",\"potentialAction\":[{\"@type\":\"SearchAction\",\"target\":{\"@type\":\"EntryPoint\",\"urlTemplate\":\"https:\/\/ppulegal.com\/en\/?s={search_term_string}\"},\"query-input\":{\"@type\":\"PropertyValueSpecification\",\"valueRequired\":true,\"valueName\":\"search_term_string\"}}],\"inLanguage\":\"en-US\"}]}<\/script>\n<!-- \/ Yoast SEO plugin. -->","yoast_head_json":{"title":"Home - PPU Legal","description":"PPU is a leading regional law firm in Ibero-America. We provide specialized legal services in Chile, Colombia, Peru, and Spain. Contact us.","robots":{"index":"index","follow":"follow","max-snippet":"max-snippet:-1","max-image-preview":"max-image-preview:large","max-video-preview":"max-video-preview:-1"},"canonical":"https:\/\/ppulegal.com\/en\/","og_locale":"en_US","og_type":"article","og_title":"Home - PPU Legal","og_description":"PPU is a leading regional law firm in Ibero-America. We provide specialized legal services in Chile, Colombia, Peru, and Spain. Contact us.","og_url":"https:\/\/ppulegal.com\/en\/","og_site_name":"PPU Legal","article_modified_time":"2026-03-05T20:11:01+00:00","twitter_card":"summary_large_image","twitter_misc":{"Est. reading time":"3 minutes"},"schema":{"@context":"https:\/\/schema.org","@graph":[{"@type":"WebPage","@id":"https:\/\/ppulegal.com\/en\/","url":"https:\/\/ppulegal.com\/en\/","name":"Home - PPU Legal","isPartOf":{"@id":"https:\/\/ppulegal.com\/en\/#website"},"datePublished":"2025-03-13T18:05:31+00:00","dateModified":"2026-03-05T20:11:01+00:00","description":"PPU is a leading regional law firm in Ibero-America. We provide specialized legal services in Chile, Colombia, Peru, and Spain. Contact us.","breadcrumb":{"@id":"https:\/\/ppulegal.com\/en\/#breadcrumb"},"inLanguage":"en-US","potentialAction":[{"@type":"ReadAction","target":["https:\/\/ppulegal.com\/en\/"]}]},{"@type":"BreadcrumbList","@id":"https:\/\/ppulegal.com\/en\/#breadcrumb","itemListElement":[{"@type":"ListItem","position":1,"name":"Home","item":"https:\/\/ppulegal.com\/en\/"},{"@type":"ListItem","position":2,"name":"Home"}]},{"@type":"WebSite","@id":"https:\/\/ppulegal.com\/en\/#website","url":"https:\/\/ppulegal.com\/en\/","name":"PPU Legal","description":"","potentialAction":[{"@type":"SearchAction","target":{"@type":"EntryPoint","urlTemplate":"https:\/\/ppulegal.com\/en\/?s={search_term_string}"},"query-input":{"@type":"PropertyValueSpecification","valueRequired":true,"valueName":"search_term_string"}}],"inLanguage":"en-US"}]}},"_links":{"self":[{"href":"https:\/\/ppulegal.com\/en\/wp-json\/wp\/v2\/pages\/8099","targetHints":{"allow":["GET"]}}],"collection":[{"href":"https:\/\/ppulegal.com\/en\/wp-json\/wp\/v2\/pages"}],"about":[{"href":"https:\/\/ppulegal.com\/en\/wp-json\/wp\/v2\/types\/page"}],"author":[{"embeddable":true,"href":"https:\/\/ppulegal.com\/en\/wp-json\/wp\/v2\/users\/2"}],"replies":[{"embeddable":true,"href":"https:\/\/ppulegal.com\/en\/wp-json\/wp\/v2\/comments?post=8099"}],"version-history":[{"count":56,"href":"https:\/\/ppulegal.com\/en\/wp-json\/wp\/v2\/pages\/8099\/revisions"}],"predecessor-version":[{"id":29626,"href":"https:\/\/ppulegal.com\/en\/wp-json\/wp\/v2\/pages\/8099\/revisions\/29626"}],"wp:attachment":[{"href":"https:\/\/ppulegal.com\/en\/wp-json\/wp\/v2\/media?parent=8099"}],"curies":[{"name":"wp","href":"https:\/\/api.w.org\/{rel}","templated":true}]}}