{"id":8269,"date":"2025-03-19T18:06:33","date_gmt":"2025-03-19T21:06:33","guid":{"rendered":"https:\/\/ppu-website.dmeat.cl\/preguntas-frecuentes\/"},"modified":"2026-03-20T10:09:15","modified_gmt":"2026-03-20T13:09:15","slug":"frequently-asked-questions","status":"publish","type":"page","link":"https:\/\/ppulegal.com\/en\/frequently-asked-questions\/","title":{"rendered":"Frequently Asked Questions"},"content":{"rendered":"<p>Frequently Asked Questions About Us What is Philippi Prietocarrizosa Ferrero DU &#038; Ur\u00eda (PPU)? We are the first major Ibero-American law firm with offices in Santiago (Chile), Bogot\u00e1 and Barranquilla (Colombia), and Lima (Peru). The prestigious Spanish firm Ur\u00eda Men\u00e9ndez contributes to PPU its network of offices in Spain, Portugal, London, and Brussels. How can I apply for a position at PPU? If you are interested in joining our team, in any of our jurisdictions (Chile, Colombia, and Peru), you must visit the &#8220;Work with Us&#8221; section. How do you ensure information security? PPU continues to leverage all its human and financial resources to focus them on the protection of a paramount asset: information. We have designed and built an Information Security Management System that is not only geared towards data protection but also ensures confidentiality and integrity for the information of our customers, suppliers, third parties and employees, as it is our organisation&#8217;s most valuable asset. Physical, organisational, technological (cybersecurity) and personnel controls will lead us to a major goal: the ISO 27001 \u2018Information Security\u2019 certification, which shall provide a significant competitive advantage for the organisation, among many other benefits. Legal Advice What is your area of expertise? PPU boasts a team of highly specialised legal professionals , offering in-depth industry knowledge and proven expertise in managing overly complex matters. What types of cases do you handle? How can I retain your services? Through our Our Team section, where you will find the email address and\/or contact telephone number of the lawyer specialising in the area you are looking for. 60<\/p>\n","protected":false},"excerpt":{"rendered":"<p>Frequently Asked Questions About Us What is Philippi Prietocarrizosa Ferrero DU &#038; Ur\u00eda (PPU)? We are the first major Ibero-American law firm with offices in Santiago (Chile), Bogot\u00e1 and Barranquilla (Colombia), and Lima (Peru). The prestigious Spanish firm Ur\u00eda Men\u00e9ndez contributes to PPU its network of offices in Spain, Portugal, London, and Brussels. How can [&hellip;]<\/p>\n","protected":false},"author":2,"featured_media":0,"parent":0,"menu_order":5,"comment_status":"closed","ping_status":"closed","template":"module-template","meta":{"_acf_changed":false,"footnotes":""},"class_list":["post-8269","page","type-page","status-publish","hentry"],"acf":[],"yoast_head":"<!-- This site is optimized with the Yoast SEO plugin v26.4 - https:\/\/yoast.com\/wordpress\/plugins\/seo\/ -->\n<title>Frequently Asked Questions - PPU Legal<\/title>\n<meta name=\"description\" content=\"Frequently Asked Questions on our application process, internships and opportunities for lawyers, offering clear guidance and essential information.\" \/>\n<meta name=\"robots\" content=\"index, follow, max-snippet:-1, max-image-preview:large, max-video-preview:-1\" \/>\n<link rel=\"canonical\" href=\"https:\/\/ppulegal.com\/en\/frequently-asked-questions\/\" \/>\n<meta property=\"og:locale\" content=\"en_US\" \/>\n<meta property=\"og:type\" content=\"article\" \/>\n<meta property=\"og:title\" content=\"Frequently Asked Questions - PPU Legal\" \/>\n<meta property=\"og:description\" content=\"Frequently Asked Questions on our application process, internships and opportunities for lawyers, offering clear guidance and essential information.\" \/>\n<meta property=\"og:url\" content=\"https:\/\/ppulegal.com\/en\/frequently-asked-questions\/\" \/>\n<meta property=\"og:site_name\" content=\"PPU Legal\" \/>\n<meta property=\"article:modified_time\" content=\"2026-03-20T13:09:15+00:00\" \/>\n<meta name=\"twitter:card\" content=\"summary_large_image\" \/>\n<meta name=\"twitter:label1\" content=\"Est. reading time\" \/>\n\t<meta name=\"twitter:data1\" content=\"2 minutes\" \/>\n<script type=\"application\/ld+json\" class=\"yoast-schema-graph\">{\"@context\":\"https:\/\/schema.org\",\"@graph\":[{\"@type\":\"WebPage\",\"@id\":\"https:\/\/ppulegal.com\/en\/frequently-asked-questions\/\",\"url\":\"https:\/\/ppulegal.com\/en\/frequently-asked-questions\/\",\"name\":\"Frequently Asked Questions - PPU Legal\",\"isPartOf\":{\"@id\":\"https:\/\/ppulegal.com\/en\/#website\"},\"datePublished\":\"2025-03-19T21:06:33+00:00\",\"dateModified\":\"2026-03-20T13:09:15+00:00\",\"description\":\"Frequently Asked Questions on our application process, internships and opportunities for lawyers, offering clear guidance and essential information.\",\"breadcrumb\":{\"@id\":\"https:\/\/ppulegal.com\/en\/frequently-asked-questions\/#breadcrumb\"},\"inLanguage\":\"en-US\",\"potentialAction\":[{\"@type\":\"ReadAction\",\"target\":[\"https:\/\/ppulegal.com\/en\/frequently-asked-questions\/\"]}]},{\"@type\":\"BreadcrumbList\",\"@id\":\"https:\/\/ppulegal.com\/en\/frequently-asked-questions\/#breadcrumb\",\"itemListElement\":[{\"@type\":\"ListItem\",\"position\":1,\"name\":\"Home\",\"item\":\"https:\/\/ppulegal.com\/en\/\"},{\"@type\":\"ListItem\",\"position\":2,\"name\":\"Frequently Asked Questions\"}]},{\"@type\":\"WebSite\",\"@id\":\"https:\/\/ppulegal.com\/en\/#website\",\"url\":\"https:\/\/ppulegal.com\/en\/\",\"name\":\"PPU Legal\",\"description\":\"\",\"potentialAction\":[{\"@type\":\"SearchAction\",\"target\":{\"@type\":\"EntryPoint\",\"urlTemplate\":\"https:\/\/ppulegal.com\/en\/?s={search_term_string}\"},\"query-input\":{\"@type\":\"PropertyValueSpecification\",\"valueRequired\":true,\"valueName\":\"search_term_string\"}}],\"inLanguage\":\"en-US\"}]}<\/script>\n<!-- \/ Yoast SEO plugin. -->","yoast_head_json":{"title":"Frequently Asked Questions - PPU Legal","description":"Frequently Asked Questions on our application process, internships and opportunities for lawyers, offering clear guidance and essential information.","robots":{"index":"index","follow":"follow","max-snippet":"max-snippet:-1","max-image-preview":"max-image-preview:large","max-video-preview":"max-video-preview:-1"},"canonical":"https:\/\/ppulegal.com\/en\/frequently-asked-questions\/","og_locale":"en_US","og_type":"article","og_title":"Frequently Asked Questions - PPU Legal","og_description":"Frequently Asked Questions on our application process, internships and opportunities for lawyers, offering clear guidance and essential information.","og_url":"https:\/\/ppulegal.com\/en\/frequently-asked-questions\/","og_site_name":"PPU Legal","article_modified_time":"2026-03-20T13:09:15+00:00","twitter_card":"summary_large_image","twitter_misc":{"Est. reading time":"2 minutes"},"schema":{"@context":"https:\/\/schema.org","@graph":[{"@type":"WebPage","@id":"https:\/\/ppulegal.com\/en\/frequently-asked-questions\/","url":"https:\/\/ppulegal.com\/en\/frequently-asked-questions\/","name":"Frequently Asked Questions - PPU Legal","isPartOf":{"@id":"https:\/\/ppulegal.com\/en\/#website"},"datePublished":"2025-03-19T21:06:33+00:00","dateModified":"2026-03-20T13:09:15+00:00","description":"Frequently Asked Questions on our application process, internships and opportunities for lawyers, offering clear guidance and essential information.","breadcrumb":{"@id":"https:\/\/ppulegal.com\/en\/frequently-asked-questions\/#breadcrumb"},"inLanguage":"en-US","potentialAction":[{"@type":"ReadAction","target":["https:\/\/ppulegal.com\/en\/frequently-asked-questions\/"]}]},{"@type":"BreadcrumbList","@id":"https:\/\/ppulegal.com\/en\/frequently-asked-questions\/#breadcrumb","itemListElement":[{"@type":"ListItem","position":1,"name":"Home","item":"https:\/\/ppulegal.com\/en\/"},{"@type":"ListItem","position":2,"name":"Frequently Asked Questions"}]},{"@type":"WebSite","@id":"https:\/\/ppulegal.com\/en\/#website","url":"https:\/\/ppulegal.com\/en\/","name":"PPU Legal","description":"","potentialAction":[{"@type":"SearchAction","target":{"@type":"EntryPoint","urlTemplate":"https:\/\/ppulegal.com\/en\/?s={search_term_string}"},"query-input":{"@type":"PropertyValueSpecification","valueRequired":true,"valueName":"search_term_string"}}],"inLanguage":"en-US"}]}},"_links":{"self":[{"href":"https:\/\/ppulegal.com\/en\/wp-json\/wp\/v2\/pages\/8269","targetHints":{"allow":["GET"]}}],"collection":[{"href":"https:\/\/ppulegal.com\/en\/wp-json\/wp\/v2\/pages"}],"about":[{"href":"https:\/\/ppulegal.com\/en\/wp-json\/wp\/v2\/types\/page"}],"author":[{"embeddable":true,"href":"https:\/\/ppulegal.com\/en\/wp-json\/wp\/v2\/users\/2"}],"replies":[{"embeddable":true,"href":"https:\/\/ppulegal.com\/en\/wp-json\/wp\/v2\/comments?post=8269"}],"version-history":[{"count":12,"href":"https:\/\/ppulegal.com\/en\/wp-json\/wp\/v2\/pages\/8269\/revisions"}],"predecessor-version":[{"id":29816,"href":"https:\/\/ppulegal.com\/en\/wp-json\/wp\/v2\/pages\/8269\/revisions\/29816"}],"wp:attachment":[{"href":"https:\/\/ppulegal.com\/en\/wp-json\/wp\/v2\/media?parent=8269"}],"curies":[{"name":"wp","href":"https:\/\/api.w.org\/{rel}","templated":true}]}}