{"id":8329,"date":"2025-03-19T18:02:22","date_gmt":"2025-03-19T21:02:22","guid":{"rendered":"https:\/\/ppu-website.dmeat.cl\/terminos-y-condiciones\/"},"modified":"2025-05-12T18:13:07","modified_gmt":"2025-05-12T22:13:07","slug":"terms-and-conditions","status":"publish","type":"page","link":"https:\/\/ppulegal.com\/en\/terms-and-conditions\/","title":{"rendered":"Terms and Conditions"},"content":{"rendered":"<p>Terms and Conditions Lorem ipsum dolor sit amet Lideramos procesos de an\u00e1lisis y diagn\u00f3stico de estructuras patrimoniales y dise\u00f1amos e implementamos estructuras de planeaci\u00f3n sucesoral y fiscal, y de protecci\u00f3n patrimonial. Somos expertos en planeaciones para familias multigeneracionales, con un enfoque multidisciplinario. La presencia internacional del Estudio facilita la planeaci\u00f3n a nivel nacional e internacional para clientes que usualmente requieren asistencia en m\u00faltiples jurisdicciones. Lorem ipsum dolor sit amet Lideramos procesos de an\u00e1lisis y diagn\u00f3stico de estructuras patrimoniales y dise\u00f1amos e implementamos estructuras de planeaci\u00f3n sucesoral y fiscal, y de protecci\u00f3n patrimonial. Somos expertos en planeaciones para familias multigeneracionales, con un enfoque multidisciplinario. La presencia internacional del Estudio facilita la planeaci\u00f3n a nivel nacional e internacional para clientes que usualmente requieren asistencia en m\u00faltiples jurisdicciones. Lorem ipsum dolor sit amet Lideramos procesos de an\u00e1lisis y diagn\u00f3stico de estructuras patrimoniales y dise\u00f1amos e implementamos estructuras de planeaci\u00f3n sucesoral y fiscal, y de protecci\u00f3n patrimonial. Somos expertos en planeaciones para familias multigeneracionales, con un enfoque multidisciplinario. La presencia internacional del Estudio facilita la planeaci\u00f3n a nivel nacional e internacional para clientes que usualmente requieren asistencia en m\u00faltiples jurisdicciones. Lorem ipsum dolor sit amet Lideramos procesos de an\u00e1lisis y diagn\u00f3stico de estructuras patrimoniales y dise\u00f1amos e implementamos estructuras de planeaci\u00f3n sucesoral y fiscal, y de protecci\u00f3n patrimonial. Somos expertos en planeaciones para familias multigeneracionales, con un enfoque multidisciplinario. La presencia internacional del Estudio facilita la planeaci\u00f3n a nivel nacional e internacional para clientes que usualmente requieren asistencia en m\u00faltiples jurisdicciones. Lorem ipsum dolor sit amet Lideramos procesos de an\u00e1lisis y diagn\u00f3stico de estructuras patrimoniales y dise\u00f1amos e implementamos estructuras de planeaci\u00f3n sucesoral y fiscal, y de protecci\u00f3n patrimonial. Somos expertos en planeaciones para familias multigeneracionales, con un enfoque multidisciplinario. La presencia internacional del Estudio facilita la planeaci\u00f3n a nivel nacional e internacional para clientes que usualmente requieren asistencia en m\u00faltiples jurisdicciones.<\/p>\n","protected":false},"excerpt":{"rendered":"<p>Terms and Conditions Lorem ipsum dolor sit amet Lideramos procesos de an\u00e1lisis y diagn\u00f3stico de estructuras patrimoniales y dise\u00f1amos e implementamos estructuras de planeaci\u00f3n sucesoral y fiscal, y de protecci\u00f3n patrimonial. Somos expertos en planeaciones para familias multigeneracionales, con un enfoque multidisciplinario. La presencia internacional del Estudio facilita la planeaci\u00f3n a nivel nacional e internacional [&hellip;]<\/p>\n","protected":false},"author":2,"featured_media":0,"parent":0,"menu_order":12,"comment_status":"closed","ping_status":"closed","template":"module-template","meta":{"_acf_changed":false,"footnotes":""},"class_list":["post-8329","page","type-page","status-publish","hentry"],"acf":[],"yoast_head":"<!-- This site is optimized with the Yoast SEO plugin v26.4 - https:\/\/yoast.com\/wordpress\/plugins\/seo\/ -->\n<title>Terms and Conditions - PPU Legal<\/title>\n<meta name=\"robots\" content=\"index, follow, max-snippet:-1, max-image-preview:large, max-video-preview:-1\" \/>\n<link rel=\"canonical\" href=\"https:\/\/ppulegal.com\/en\/terms-and-conditions\/\" \/>\n<meta property=\"og:locale\" content=\"en_US\" \/>\n<meta property=\"og:type\" content=\"article\" \/>\n<meta property=\"og:title\" content=\"Terms and Conditions - PPU Legal\" \/>\n<meta property=\"og:description\" content=\"Terms and Conditions Lorem ipsum dolor sit amet Lideramos procesos de an\u00e1lisis y diagn\u00f3stico de estructuras patrimoniales y dise\u00f1amos e implementamos estructuras de planeaci\u00f3n sucesoral y fiscal, y de protecci\u00f3n patrimonial. Somos expertos en planeaciones para familias multigeneracionales, con un enfoque multidisciplinario. La presencia internacional del Estudio facilita la planeaci\u00f3n a nivel nacional e internacional [&hellip;]\" \/>\n<meta property=\"og:url\" content=\"https:\/\/ppulegal.com\/en\/terms-and-conditions\/\" \/>\n<meta property=\"og:site_name\" content=\"PPU Legal\" \/>\n<meta property=\"article:modified_time\" content=\"2025-05-12T22:13:07+00:00\" \/>\n<meta name=\"twitter:card\" content=\"summary_large_image\" \/>\n<script type=\"application\/ld+json\" class=\"yoast-schema-graph\">{\"@context\":\"https:\/\/schema.org\",\"@graph\":[{\"@type\":\"WebPage\",\"@id\":\"https:\/\/ppulegal.com\/en\/terms-and-conditions\/\",\"url\":\"https:\/\/ppulegal.com\/en\/terms-and-conditions\/\",\"name\":\"Terms and Conditions - PPU Legal\",\"isPartOf\":{\"@id\":\"https:\/\/ppulegal.com\/en\/#website\"},\"datePublished\":\"2025-03-19T21:02:22+00:00\",\"dateModified\":\"2025-05-12T22:13:07+00:00\",\"breadcrumb\":{\"@id\":\"https:\/\/ppulegal.com\/en\/terms-and-conditions\/#breadcrumb\"},\"inLanguage\":\"en-US\",\"potentialAction\":[{\"@type\":\"ReadAction\",\"target\":[\"https:\/\/ppulegal.com\/en\/terms-and-conditions\/\"]}]},{\"@type\":\"BreadcrumbList\",\"@id\":\"https:\/\/ppulegal.com\/en\/terms-and-conditions\/#breadcrumb\",\"itemListElement\":[{\"@type\":\"ListItem\",\"position\":1,\"name\":\"Home\",\"item\":\"https:\/\/ppulegal.com\/en\/\"},{\"@type\":\"ListItem\",\"position\":2,\"name\":\"Terms and Conditions\"}]},{\"@type\":\"WebSite\",\"@id\":\"https:\/\/ppulegal.com\/en\/#website\",\"url\":\"https:\/\/ppulegal.com\/en\/\",\"name\":\"PPU Legal\",\"description\":\"\",\"potentialAction\":[{\"@type\":\"SearchAction\",\"target\":{\"@type\":\"EntryPoint\",\"urlTemplate\":\"https:\/\/ppulegal.com\/en\/?s={search_term_string}\"},\"query-input\":{\"@type\":\"PropertyValueSpecification\",\"valueRequired\":true,\"valueName\":\"search_term_string\"}}],\"inLanguage\":\"en-US\"}]}<\/script>\n<!-- \/ Yoast SEO plugin. -->","yoast_head_json":{"title":"Terms and Conditions - PPU Legal","robots":{"index":"index","follow":"follow","max-snippet":"max-snippet:-1","max-image-preview":"max-image-preview:large","max-video-preview":"max-video-preview:-1"},"canonical":"https:\/\/ppulegal.com\/en\/terms-and-conditions\/","og_locale":"en_US","og_type":"article","og_title":"Terms and Conditions - PPU Legal","og_description":"Terms and Conditions Lorem ipsum dolor sit amet Lideramos procesos de an\u00e1lisis y diagn\u00f3stico de estructuras patrimoniales y dise\u00f1amos e implementamos estructuras de planeaci\u00f3n sucesoral y fiscal, y de protecci\u00f3n patrimonial. Somos expertos en planeaciones para familias multigeneracionales, con un enfoque multidisciplinario. La presencia internacional del Estudio facilita la planeaci\u00f3n a nivel nacional e internacional [&hellip;]","og_url":"https:\/\/ppulegal.com\/en\/terms-and-conditions\/","og_site_name":"PPU Legal","article_modified_time":"2025-05-12T22:13:07+00:00","twitter_card":"summary_large_image","schema":{"@context":"https:\/\/schema.org","@graph":[{"@type":"WebPage","@id":"https:\/\/ppulegal.com\/en\/terms-and-conditions\/","url":"https:\/\/ppulegal.com\/en\/terms-and-conditions\/","name":"Terms and Conditions - PPU Legal","isPartOf":{"@id":"https:\/\/ppulegal.com\/en\/#website"},"datePublished":"2025-03-19T21:02:22+00:00","dateModified":"2025-05-12T22:13:07+00:00","breadcrumb":{"@id":"https:\/\/ppulegal.com\/en\/terms-and-conditions\/#breadcrumb"},"inLanguage":"en-US","potentialAction":[{"@type":"ReadAction","target":["https:\/\/ppulegal.com\/en\/terms-and-conditions\/"]}]},{"@type":"BreadcrumbList","@id":"https:\/\/ppulegal.com\/en\/terms-and-conditions\/#breadcrumb","itemListElement":[{"@type":"ListItem","position":1,"name":"Home","item":"https:\/\/ppulegal.com\/en\/"},{"@type":"ListItem","position":2,"name":"Terms and Conditions"}]},{"@type":"WebSite","@id":"https:\/\/ppulegal.com\/en\/#website","url":"https:\/\/ppulegal.com\/en\/","name":"PPU Legal","description":"","potentialAction":[{"@type":"SearchAction","target":{"@type":"EntryPoint","urlTemplate":"https:\/\/ppulegal.com\/en\/?s={search_term_string}"},"query-input":{"@type":"PropertyValueSpecification","valueRequired":true,"valueName":"search_term_string"}}],"inLanguage":"en-US"}]}},"_links":{"self":[{"href":"https:\/\/ppulegal.com\/en\/wp-json\/wp\/v2\/pages\/8329","targetHints":{"allow":["GET"]}}],"collection":[{"href":"https:\/\/ppulegal.com\/en\/wp-json\/wp\/v2\/pages"}],"about":[{"href":"https:\/\/ppulegal.com\/en\/wp-json\/wp\/v2\/types\/page"}],"author":[{"embeddable":true,"href":"https:\/\/ppulegal.com\/en\/wp-json\/wp\/v2\/users\/2"}],"replies":[{"embeddable":true,"href":"https:\/\/ppulegal.com\/en\/wp-json\/wp\/v2\/comments?post=8329"}],"version-history":[{"count":4,"href":"https:\/\/ppulegal.com\/en\/wp-json\/wp\/v2\/pages\/8329\/revisions"}],"predecessor-version":[{"id":8333,"href":"https:\/\/ppulegal.com\/en\/wp-json\/wp\/v2\/pages\/8329\/revisions\/8333"}],"wp:attachment":[{"href":"https:\/\/ppulegal.com\/en\/wp-json\/wp\/v2\/media?parent=8329"}],"curies":[{"name":"wp","href":"https:\/\/api.w.org\/{rel}","templated":true}]}}